{"id":76,"date":"2022-01-31T08:11:02","date_gmt":"2022-01-31T07:11:02","guid":{"rendered":"http:\/\/www.mensch02.bn-paf.de\/hallertauer\/?page_id=76"},"modified":"2022-01-31T08:11:02","modified_gmt":"2022-01-31T07:11:02","slug":"gartenregeln-agb","status":"publish","type":"page","link":"https:\/\/hallertauer-regional.de\/hallertauer\/?page_id=76","title":{"rendered":"GartenRegeln\/AGB"},"content":{"rendered":"<p><span style=\"color: #0000ff;\">Inter<\/span><span style=\"color: #ff0000;\">Kultur<\/span><span style=\"color: #339966;\">Garten<\/span> Pfaffenhofen an der Ilm<\/p>\n<p>HERZLICH WILLKOMMEN im InterKulturGarten Pfaffenhofen an der Ilm (IKG), wir wollen, dass sich alle unsere Mitglieder und Besucher*innen bei uns wohlf\u00fchlen.<\/p>\n<p>Deswegen bitten wir folgende Allgemeine Gesch\u00e4ftsbedingungen (AGB) nachfolgend auch \u201eGartenRegeln\u201c genannt zu beachten.<\/p>\n<h5><span style=\"color: #ff0000;\">Allgemeine Gesch\u00e4ftsbedingungen (AGB)<\/span><\/h5>\n<p>Stand: 06.03 2021<\/p>\n<p>1.) Jede Person, die das IKG Gel\u00e4nde der\/des betritt, und\/oder sich zur Nutzung der Angebote hier aufh\u00e4lt, erkennt die AGB an und akzeptiert sie.<\/p>\n<p>2.) Das Betreten des Gel\u00e4ndes, die Nutzung s\u00e4mtlicher Einrichtungen und R\u00e4ume, der Maschinen und der Werkzeuge, erfolgt auf eigene Gefahr.<\/p>\n<p>3.) Alle Mitglieder und Besucher*innen haben sich so zu verhalten, dass ein ordnungsgem\u00e4\u00dfer und sicherer GartenBetrieb nicht beeintr\u00e4chtigt wird und andere Personen weder gef\u00e4hrdet noch bel\u00e4stigt werden.<\/p>\n<p>4.) Anweisungen der Koordinator*innen oder seiner Mitarbeiter*innen sind Folge zu leisten, anderenfalls kann vom Hausrecht Gebrauch gemacht werden.<\/p>\n<p>5.) Der IKG haftet nicht f\u00fcr Sch\u00e4den, die durch Verst\u00f6\u00dfe gegen diese AGB oder durch Zuwiderhandlungen gegen die Anweisungen der Koordinator*innen oder seiner Mitarbeiter*innen oder durch unsachgem\u00e4\u00dfe Benutzung der Einrichtung\/Anlagen (insbesondere ihrer Ger\u00e4te, Maschinen und Werkzeuge u.\u00e4.) entstanden sind.<\/p>\n<p>6.) Eltern haften f\u00fcr ihre Kinder. Eltern, die ihre Kinder dem IKG anvertrauen, sind verpflichtet, ihre Kinder ausdr\u00fccklich darauf aufmerksam zu machen, dass die Anordnungen der Koordinator*innen oder deren Mitarbeiter*innen befolgt werden m\u00fcssen.<\/p>\n<p>7.) F\u00fcr die Lagerung von Gegenst\u00e4nden wird keine Haftung \u00fcbernommen.<\/p>\n<p>8.a.) Im InterKulturGarten Pfaffenhofen an der Ilm gelten Konzeption und Ethik der Permakultur.<\/p>\n<p>\u201ePermakultur ist das Schaffen von kleinen Paradiesen hier auf der Erde.\u201c Bill Mollison<\/p>\n<h5><span style=\"color: #008000;\">GestaltungsGartenRegeln der Permakultur:<\/span><\/h5>\n<p>\uf0b7 Beobachte und handle achtsam.<\/p>\n<p>\uf0b7 Baue selber Lebensmittel an, ernte und verarbeite sie.<\/p>\n<p>\uf0b7 Schr\u00e4nke dich ein und lebe im Rhythmus mit der Natur.<\/p>\n<p>\uf0b7 Nutze und sch\u00e4tze erneuerbare Ressourcen und Leistungen.<\/p>\n<p>\uf0b7 Produziere keinen Abfall. Verschwende kein Wasser.<\/p>\n<p>\uf0b7 Verzichte auf Pestizide und chemisch-synthetische (\u201eKunst\u201c-)D\u00fcnger.<\/p>\n<p>\uf0b7 Verzichte auf Torf.<\/p>\n<p>\uf0b7 Fange klein an und finde langsame L\u00f6sungen.<\/p>\n<p>\uf0b7 Nutze und reagiere auf Ver\u00e4nderungen mit Kreativit\u00e4t.<\/p>\n<p>\uf0b7 Handle so, dass die Generationen nach dir auch noch die gleiche oder sogar eine bessere Lebensqualit\u00e4t vorfinden.<\/p>\n<p>&nbsp;<\/p>\n<p>8.b.) Zur Nutzung einer Parzelle oder der Gew\u00e4hrung anderer Gestaltungsm\u00f6glichkeiten im IKG ist der Abschlu\u00df eines Nutzungsvertrages zwingende Voraussetzung.<\/p>\n<p>a) Die Parzellen sind bei Ableistung von Gemeinschaftsarbeitstunden kostenfrei.<\/p>\n<p>b) Die Laufzeit f\u00fcr die Parzelle umfasst das aktuelle Kalenderjahr. Die Laufzeit kann in beiderseitigem Einvernehmen in den darauffolgenden Jahren um jeweils ein weiteres Jahr verl\u00e4ngert werden.<\/p>\n<p>c) Jede Garten- und Gestaltungsarbeit erfolgt auf eigene Gefahr.<\/p>\n<p>d) Es wird empfohlen eine private Haftpflichtversicherung abzuschlie\u00dfen.<\/p>\n<p>e) Es sind pro Halbjahr je drei Gemeinschaftsarbeitsstunden zu leisten. Ersatzweise kann ein Betrag von 15 \u20ac bzw.15 HALLERTAUER-REGIOnalgeld je Stunde bezahlt werden.<\/p>\n<p>d) Die Parzellen werden ausschlie\u00dflich zum Eigenanbau von Gem\u00fcse und Kr\u00e4utern vergeben. Obststr\u00e4ucher d\u00fcrfen nur nach Absprache gepflanzt werden.<\/p>\n<p>&nbsp;<\/p>\n<p>9.) Der IKG ist ein Naturgarten. Entsprechend setzen wir als Grundvoraussetzung einen respekt- und liebevollen Umgang mit dem Garten als Ganzes, einen r\u00fccksichtsvollen und empathischen Umgang der Menschen mit- und untereinander, einen behutsamen Umgang mit Tieren und Pflanzen &#8211; auch in Beet und Boden &#8211; und einen sorgsamen Umgang mit Werkzeug und Material voraus.<\/p>\n<p>a) Bitte nutze nur deine Dir zugewiesenen Fl\u00e4chen und ernte auch nur von ihnen.<\/p>\n<p>b) Alle anfallenden Kosten f\u00fcr z. B. Saatgut, Pflanzen, etc. sind selbst aufzubringen.<\/p>\n<p>c) Nimm bitte ohne R\u00fccksprache mit den Verantwortlichen keine Ver\u00e4nderungen an Gemeinschaftsbeeten, \u2028Pflanzgef\u00e4\u00dfen, Z\u00e4unen, Markierungen, den Bienenst\u00f6cken, der Wurmfarm und allen anderen \u2028Gartenmodulen vor.<\/p>\n<p>d) Boden- und ertragsverbessernde Ma\u00dfnahmen m\u00fcssen natur- und umweltvertr\u00e4glich erfolgen. Eine \u2028maschinelle Bearbeitung des Bodens ist grunds\u00e4tzlich nicht gestattet.<\/p>\n<p>e) Bitte bleibe im Bereich der Parzellen auf den ausgewiesenen Wegen und betrete nur Pflanzbereiche f\u00fcr \u2028die Du zust\u00e4ndig bist.<\/p>\n<p>f) Werkzeug und Material:<\/p>\n<p>&#8211; In Absprache k\u00f6nnen Material oder Werkzeug gespendet werden.<\/p>\n<p>&#8211; Wenn Du \u2028am Ende Deiner Gartenarbeit herumliegendes Werkzeug und Material siehst, sammle es bitte ein und bringe es zum Abstellbereich zur\u00fcck.<\/p>\n<p>&#8211; Bitte gehe achtsam mit dem Werkzeug und Material um, um Dich und andere vor Verletzungen zu sch\u00fctzen und unseren Bestand zu schonen. Dazu geh\u00f6rt auch die Reinigung und notfalls Reparatur bzw. Ersatzbeschaffung von kaputt gegangenem Inventar.<\/p>\n<p>&nbsp;<\/p>\n<p>10.) Der Garten verlangt Vorsicht und Umsicht. Es gibt sichtbare und unsichtbare Gefahren.<\/p>\n<p>a) Unser Erste-Hilfe-Kasten befindet sich in unserem Abstellunterstand direkt im Eingangsbereich rechts an der Wand. b) Gehe mit dem im Garten vorhandenen Wasser (= Kein Trinkwasser!) sparsam um. Sammle Regenwasser!<\/p>\n<p>c) Der Verzehr von Inhalten der Beete &#8211; sowohl des Gepflanzten als auch der frei gesprossenen Wildkr\u00e4uter &#8211; und s\u00e4mtlichen anderen Pflanzen und Pflanzenteilen des Gel\u00e4ndes erfolgt zu jeder Zeit auf eigene \u2028Gefahr.<\/p>\n<p>d) Der Anbau von giftigen und gef\u00e4hrlichen Gew\u00e4chsen ist untersagt. Sie werden von uns entsorgt oder wir weisen auf deren Entsorgung hin.<\/p>\n<p>e) Bei Erkennen von giftigen und gef\u00e4hrlichen Pflanzen wie bspw. Ambrosia oder auch etwa Feuerbrand an Obstgeh\u00f6lzen besteht Meldepflicht. Bitte wendet euch unverz\u00fcglich an eine*n Koordinator*in.<\/p>\n<p>f) Hunde sind an der Leine zu halten und deren Hinterlassenschaften sind sofort au\u00dferhalb des Gartens zu entsorgen.<\/p>\n<p>g) Bitte halte mindestens drei Meter Abstand zu den Bienenst\u00f6cken. Das Ber\u00fchren der Bienenst\u00f6cke ist generell untersagt.<\/p>\n<p>h) S\u00e4mtliche Bunkereinrichtungen, wie D\u00e4cher und Sch\u00e4chte, d\u00fcrfen nicht betreten werden.<\/p>\n<p>i) Nimm bitte mitgebrachte Verpackungen, Zigarettenkippen und M\u00fcll wieder mit.<\/p>\n<p>j) Werfe keine Gegenst\u00e4nde wie Steine, Bretter, T\u00f6pfe, Gem\u00fcse etc., sondern reiche sie weiter bzw. trage sie sorgsam von A nach B.<\/p>\n<p>k) Das Entz\u00fcnden von offenem Feuer ist nur bei angemeldeten Veranstaltungen unter Aufsicht erlaubt. Nur an daf\u00fcr freigegebenen Pl\u00e4tzen d\u00fcrfen Feuerschalen und Grillger\u00e4te zum Einsatz kommen.<\/p>\n<p>l) Formell ist der Status des Gartengel\u00e4ndes privat. Deshalb ist ein Betreten nur Mitgliedern und deren G\u00e4sten erlaubt. Unbefugten ist das Betreten des Gartengel\u00e4ndes verboten. Bei Nichtbeachtung entf\u00e4llt jegliche Haftung von Seiten der Gel\u00e4ndenutzer. Bei Sachbesch\u00e4digung oder Vandalismus behalten wir uns vor, Anzeige zu erstatten.<\/p>\n<p>m) Kinder unter 12 Jahren d\u00fcrfen den Garten nur in Begleitung eines Erziehungsberechtigten betreten bzw. \u2028wenn die schriftliche Best\u00e4tigung eines Erziehungsberechtigten hierf\u00fcr bei der Gestaltungsgemeinschaft vorliegt. Werkzeugbenutzung f\u00fcr Kinder und Jugendliche unter 18 Jahren gibt es ebenfalls nur nach Abgabe einer Best\u00e4tigung. Eltern haften f\u00fcr ihre Kinder!<\/p>\n<p>&nbsp;<\/p>\n<p>11.) Gr\u00fcnde f\u00fcr einen Mitgliederausschluss ergeben sich aus dem Nichteinhalten der AGB.<\/p>\n<p>a) Unter Alkoholeinfluss darf nicht gewerkelt werden. Wir behalten uns vor, stark alkoholisiert wirkende Mitglieder und auch Besucher*innen vom Gel\u00e4nde zu verweisen.<\/p>\n<p>b) Eine Verwarnung gibt es, wenn sich ein Mitglied \u2013 vor allem vors\u00e4tzlich \u2013 nicht an die AGB h\u00e4lt. Ab der 3. Verwarnung behalten wir uns vor, ein Gartenverbot zu erteilen. \u2028Bei einem groben Versto\u00df, z. B. gegen Leib und Leben, kann auch ein fristloser Ausschluss durch die Koordinator*innen ausgesprochen werden. Vor dem Ausschluss wird das Mitglied angeh\u00f6rt.<\/p>\n<p>&nbsp;<\/p>\n<p>12.) Mitglieder und BesucherInnen erkl\u00e4ren sich damit einverstanden, dass die Gestaltungsgemeinschaft IKG das Recht hat, Fotos und Filme, die w\u00e4hrend ihres Aufenthaltes im IKG entstanden sind zeitlich, r\u00e4umlich, sachlich und inhaltlich unbeschr\u00e4nkt zu nutzen und zu verbreiten. Eine Ver\u00f6ffentlichung darf sowohl in unver\u00e4nderter als auch in bearbeiteter Form erfolgen.<\/p>\n<p>13.) Wir sind berechtigt, diese Allgemeinen Gesch\u00e4ftsbedingungen einseitig zu \u00e4ndern. \u00dcber eine \u00c4nderung wird unter Mitteilung des Inhalts der ge\u00e4nderten Regelungen an die zuletzt bekannte E-Mail-Adresse des Mitglieds und \u00fcber die Homepage informiert. Die \u00c4nderung wird Vertragsbestandteil, wenn das Mitglied nicht binnen sechs Wochen nach Ver\u00f6ffentlichung der \u00c4nderungsmitteilung der Einbeziehung in das Vertragsverh\u00e4ltnis uns gegen\u00fcber in Schrift- oder Textform widerspricht.<\/p>\n<p>14.) Gerichtsstand ist Pfaffenhofen an der Ilm.<\/p>\n<p>15.) Salvatorische Klausel:\u2028Falls eine Bestimmung dieser Allgemeinen Gesch\u00e4ftsbedingungen unwirksam sein sollte, wird die Wirksamkeit der \u00fcbrigen Bestimmungen davon nicht ber\u00fchrt.<\/p>\n<p>&nbsp;<\/p>\n<p>Bitte beachte \u00c4nderungen und weitere Ver\u00f6ffentlichungen der Gestaltungsgemeinschaft InterKulturGarten Pfaffenhofen an der Ilm an den GartenInfoTafeln und im Internet:<\/p>\n<p>www.hallertauer-regional.de\/interkulturgarten<\/p>\n<p>&nbsp;<\/p>\n<p>Vielen Dank f\u00fcr die Aufmerksamkeit und das Einhalten unserer AGB bzw. GartenRegeln!<\/p>\n<p>Wir w\u00fcnschen eine sch\u00f6ne Zeit und viel Spa\u00df im und mit uns im InterKulturGarten!<\/p>\n<p>&nbsp;<\/p>\n<p>InterKulturGarten Pfaffenhofen an der Ilm<\/p>\n<p>Stand: 06.03.2021 \u00a9 InterKulturGarten Pfaffenhofen an der Ilm<\/p>\n","protected":false},"excerpt":{"rendered":"<p>InterKulturGarten Pfaffenhofen an der Ilm HERZLICH WILLKOMMEN im InterKulturGarten Pfaffenhofen an der Ilm (IKG), wir wollen, dass sich alle unsere Mitglieder und Besucher*innen bei uns wohlf\u00fchlen. Deswegen bitten wir folgende Allgemeine Gesch\u00e4ftsbedingungen (AGB) nachfolgend auch \u201eGartenRegeln\u201c genannt zu beachten. Allgemeine &hellip; <a href=\"https:\/\/hallertauer-regional.de\/hallertauer\/?page_id=76\">Weiterlesen <span class=\"meta-nav\">&rarr;<\/span><\/a><\/p>\n","protected":false},"author":2,"featured_media":0,"parent":69,"menu_order":3,"comment_status":"closed","ping_status":"closed","template":"","meta":[],"_links":{"self":[{"href":"https:\/\/hallertauer-regional.de\/hallertauer\/index.php?rest_route=\/wp\/v2\/pages\/76"}],"collection":[{"href":"https:\/\/hallertauer-regional.de\/hallertauer\/index.php?rest_route=\/wp\/v2\/pages"}],"about":[{"href":"https:\/\/hallertauer-regional.de\/hallertauer\/index.php?rest_route=\/wp\/v2\/types\/page"}],"author":[{"embeddable":true,"href":"https:\/\/hallertauer-regional.de\/hallertauer\/index.php?rest_route=\/wp\/v2\/users\/2"}],"replies":[{"embeddable":true,"href":"https:\/\/hallertauer-regional.de\/hallertauer\/index.php?rest_route=%2Fwp%2Fv2%2Fcomments&post=76"}],"version-history":[{"count":1,"href":"https:\/\/hallertauer-regional.de\/hallertauer\/index.php?rest_route=\/wp\/v2\/pages\/76\/revisions"}],"predecessor-version":[{"id":77,"href":"https:\/\/hallertauer-regional.de\/hallertauer\/index.php?rest_route=\/wp\/v2\/pages\/76\/revisions\/77"}],"up":[{"embeddable":true,"href":"https:\/\/hallertauer-regional.de\/hallertauer\/index.php?rest_route=\/wp\/v2\/pages\/69"}],"wp:attachment":[{"href":"https:\/\/hallertauer-regional.de\/hallertauer\/index.php?rest_route=%2Fwp%2Fv2%2Fmedia&parent=76"}],"curies":[{"name":"wp","href":"https:\/\/api.w.org\/{rel}","templated":true}]}}