{"id":69,"date":"2022-01-31T07:59:30","date_gmt":"2022-01-31T06:59:30","guid":{"rendered":"http:\/\/www.mensch02.bn-paf.de\/hallertauer\/?page_id=69"},"modified":"2022-01-31T07:59:30","modified_gmt":"2022-01-31T06:59:30","slug":"interkulturgarten","status":"publish","type":"page","link":"https:\/\/hallertauer-regional.de\/hallertauer\/?page_id=69","title":{"rendered":"InterKulturGarten"},"content":{"rendered":"<p>Herzlich Willkommen!<br \/>\nWir begr\u00fc\u00dfen Sie recht herzlich auf der Website der Sozialen Skulptur HALLERTAUER!<\/p>\n<p>Hier finden Sie Informationen \u00fcber unsere Gestaltungsprojekte wie den HALLERTAUER, das REGIOnalgeld f\u00fcr Stadt und Landkreis Pfaffenhofen, Blumen in der Stadt, InterKulturGarten Pfaffenhofen an der Ilm und die Gemeinsam f\u00fcr Gemeinwohl \/ GfG.<\/p>\n<p>Gestalten Sie mit! Werden Sie Teil der Sozialen Skulptur HALLERTAUER!<\/p>\n<p>\ud83d\ude42<\/p>\n<p>P.S.:<\/p>\n<p>Geschaffene REGIOnalgeld HALLERTAUER seit Umlaufstart (25.11.2004) genau 412.840! Stand 31.01.2020.<\/p>\n<p>Ausbezahlte F\u00f6rdergelder mit Stand zum 01.11.2020: 16.282,29 H\/\u20ac!<\/p>\n<p>Gesamtpflanzbilanz 2016-18 BienenSchmetterlingWeiden: ca. 1.500 bl\u00fchfreudige Stauden auf ca. 190 qm!<\/p>\n<p>10 + 15 Jahre Jubil\u00e4ums-Feier-Konzerte gehen weiter! T\u00e4glich auf der CD: \u201eLus amoi: Jede (Geld-)Note hat einen Klang!&#8220; und &#8222;KLASSISCH:KLASIKA West=Zapad&amp;Ost=Istok&#8220;<\/p>\n<p>Bestellungen: 08441-72023 (mit AB) oder hallertauer@pfaffenhofen.de<\/p>\n","protected":false},"excerpt":{"rendered":"<p>Herzlich Willkommen! Wir begr\u00fc\u00dfen Sie recht herzlich auf der Website der Sozialen Skulptur HALLERTAUER! Hier finden Sie Informationen \u00fcber unsere Gestaltungsprojekte wie den HALLERTAUER, das REGIOnalgeld f\u00fcr Stadt und Landkreis Pfaffenhofen, Blumen in der Stadt, InterKulturGarten Pfaffenhofen an der Ilm &hellip; <a href=\"https:\/\/hallertauer-regional.de\/hallertauer\/?page_id=69\">Weiterlesen <span class=\"meta-nav\">&rarr;<\/span><\/a><\/p>\n","protected":false},"author":2,"featured_media":0,"parent":0,"menu_order":5,"comment_status":"closed","ping_status":"closed","template":"","meta":[],"_links":{"self":[{"href":"https:\/\/hallertauer-regional.de\/hallertauer\/index.php?rest_route=\/wp\/v2\/pages\/69"}],"collection":[{"href":"https:\/\/hallertauer-regional.de\/hallertauer\/index.php?rest_route=\/wp\/v2\/pages"}],"about":[{"href":"https:\/\/hallertauer-regional.de\/hallertauer\/index.php?rest_route=\/wp\/v2\/types\/page"}],"author":[{"embeddable":true,"href":"https:\/\/hallertauer-regional.de\/hallertauer\/index.php?rest_route=\/wp\/v2\/users\/2"}],"replies":[{"embeddable":true,"href":"https:\/\/hallertauer-regional.de\/hallertauer\/index.php?rest_route=%2Fwp%2Fv2%2Fcomments&post=69"}],"version-history":[{"count":1,"href":"https:\/\/hallertauer-regional.de\/hallertauer\/index.php?rest_route=\/wp\/v2\/pages\/69\/revisions"}],"predecessor-version":[{"id":70,"href":"https:\/\/hallertauer-regional.de\/hallertauer\/index.php?rest_route=\/wp\/v2\/pages\/69\/revisions\/70"}],"wp:attachment":[{"href":"https:\/\/hallertauer-regional.de\/hallertauer\/index.php?rest_route=%2Fwp%2Fv2%2Fmedia&parent=69"}],"curies":[{"name":"wp","href":"https:\/\/api.w.org\/{rel}","templated":true}]}}