{"id":64,"date":"2022-01-30T19:30:32","date_gmt":"2022-01-30T18:30:32","guid":{"rendered":"https:\/\/mensch02.bn-paf.de\/hallertauer\/?page_id=64"},"modified":"2022-01-31T10:45:32","modified_gmt":"2022-01-31T09:45:32","slug":"verein","status":"publish","type":"page","link":"https:\/\/hallertauer-regional.de\/hallertauer\/?page_id=64","title":{"rendered":"Verein"},"content":{"rendered":"<p>Der Verein HALLERTAUER REGIOnal &#8211; Verein f\u00fcr nachhaltiges Wirtschaften e. V. ist der rechtliche Tr\u00e4ger des HALLERTAUER REGIOnalgeldes.<\/p>\n<p>Sieben<\/p>\n<p>Die 7 steht f\u00fcr Aufbruch und Transformation.<\/p>\n<p>Die 7 ist die Zahl der Harmonie, des Schicksals und der Wandlung, die Summe aus<\/p>\n<p>3 (steht f\u00fcr die Vereinigung der Gegens\u00e4tze) und<\/p>\n<p>4 (steht f\u00fcr Ordnung, Stabilit\u00e4t und Orientierung).<\/p>\n<p>Weitere Bedeutungen: 7 Tage der Woche, 7 fette und 7 magere Jahre, 7 Punkte ergeben die gegen\u00fcberliegenden Seiten eines Spielw\u00fcrfels, 7 H\u00fcgel Roms, 7-Meilen-Stiefel, 7 Schwaben,<\/p>\n<p>7 Zwerge, 7 Weise, Die Glorreichen Sieben, siebenter Himmel, 7 Weltwunder, 7 Tugenden,<\/p>\n<p>alle S\u00e4ugtiere haben die Zahl 7 im Hals in Form von Wirbeln<\/p>\n<p>\u2013 und:<\/p>\n<p>Die 7 Gr\u00fcndungsmitglieder von<\/p>\n<p>HALLERTAUER REGIOnal \u2013 Verein f\u00fcr nachhaltiges Wirtschaften e. V.:<\/p>\n<div id=\"attachment_188\" style=\"width: 660px\" class=\"wp-caption aligncenter\"><a href=\"https:\/\/mensch02.bn-paf.de\/hallertauer\/wp-content\/uploads\/2022\/01\/verein3.jpeg\" data-wp-editing=\"1\"><img aria-describedby=\"caption-attachment-188\" decoding=\"async\" loading=\"lazy\" class=\"wp-image-188 size-full\" src=\"https:\/\/mensch02.bn-paf.de\/hallertauer\/wp-content\/uploads\/2022\/01\/verein3.jpeg\" alt=\"\" width=\"650\" height=\"406\" srcset=\"https:\/\/mensch02.bn-paf.de\/hallertauer\/wp-content\/uploads\/2022\/01\/verein3.jpeg 650w, https:\/\/mensch02.bn-paf.de\/hallertauer\/wp-content\/uploads\/2022\/01\/verein3-300x187.jpeg 300w\" sizes=\"(max-width: 650px) 100vw, 650px\" \/><\/a><p id=\"caption-attachment-188\" class=\"wp-caption-text\">13.12.2003 &#8211; Tag der Vereinsgr\u00fcndung<\/p><\/div>\n","protected":false},"excerpt":{"rendered":"<p>Der Verein HALLERTAUER REGIOnal &#8211; Verein f\u00fcr nachhaltiges Wirtschaften e. V. ist der rechtliche Tr\u00e4ger des HALLERTAUER REGIOnalgeldes. Sieben Die 7 steht f\u00fcr Aufbruch und Transformation. Die 7 ist die Zahl der Harmonie, des Schicksals und der Wandlung, die Summe &hellip; <a href=\"https:\/\/hallertauer-regional.de\/hallertauer\/?page_id=64\">Weiterlesen <span class=\"meta-nav\">&rarr;<\/span><\/a><\/p>\n","protected":false},"author":2,"featured_media":0,"parent":33,"menu_order":8,"comment_status":"closed","ping_status":"closed","template":"full-width-page.php","meta":[],"_links":{"self":[{"href":"https:\/\/hallertauer-regional.de\/hallertauer\/index.php?rest_route=\/wp\/v2\/pages\/64"}],"collection":[{"href":"https:\/\/hallertauer-regional.de\/hallertauer\/index.php?rest_route=\/wp\/v2\/pages"}],"about":[{"href":"https:\/\/hallertauer-regional.de\/hallertauer\/index.php?rest_route=\/wp\/v2\/types\/page"}],"author":[{"embeddable":true,"href":"https:\/\/hallertauer-regional.de\/hallertauer\/index.php?rest_route=\/wp\/v2\/users\/2"}],"replies":[{"embeddable":true,"href":"https:\/\/hallertauer-regional.de\/hallertauer\/index.php?rest_route=%2Fwp%2Fv2%2Fcomments&post=64"}],"version-history":[{"count":4,"href":"https:\/\/hallertauer-regional.de\/hallertauer\/index.php?rest_route=\/wp\/v2\/pages\/64\/revisions"}],"predecessor-version":[{"id":316,"href":"https:\/\/hallertauer-regional.de\/hallertauer\/index.php?rest_route=\/wp\/v2\/pages\/64\/revisions\/316"}],"up":[{"embeddable":true,"href":"https:\/\/hallertauer-regional.de\/hallertauer\/index.php?rest_route=\/wp\/v2\/pages\/33"}],"wp:attachment":[{"href":"https:\/\/hallertauer-regional.de\/hallertauer\/index.php?rest_route=%2Fwp%2Fv2%2Fmedia&parent=64"}],"curies":[{"name":"wp","href":"https:\/\/api.w.org\/{rel}","templated":true}]}}