{"id":546,"date":"2023-09-14T17:45:20","date_gmt":"2023-09-14T15:45:20","guid":{"rendered":"https:\/\/hallertauer-regional.de\/hallertauer\/?page_id=546"},"modified":"2023-09-14T19:08:03","modified_gmt":"2023-09-14T17:08:03","slug":"arbeitskreis-inklusion","status":"publish","type":"page","link":"https:\/\/hallertauer-regional.de\/hallertauer\/?page_id=546","title":{"rendered":"Arbeitskreis Inklusion"},"content":{"rendered":"<p><img decoding=\"async\" class=\"alignnone size-medium wp-image-555\" src=\"https:\/\/mensch02.bn-paf.de\/hallertauer\/wp-content\/uploads\/2023\/09\/inklusion-paf_logo_600.jpg\" alt=\"\" width=\"600\" \/><\/p>\n<h3><strong><strong>WIR sind der &#8222;Arbeitskreis Inklusion Pfaffenhofen an der Ilm&#8220;.<\/strong><\/strong><\/h3>\n<p><strong>Das wollen wir:<\/strong><br \/>\nWir wollen ein <strong>inklusives<\/strong> Pfaffenhofen an der Ilm.<\/p>\n<p><strong>Das bedeutet:<\/strong><br \/>\nWir wollen, dass im Landkreis Pfaffenhofen<strong> allen<\/strong> Menschen <strong>alles<\/strong> offensteht.<\/p>\n<p><strong>Wir wollen Teilhabe f\u00fcr ALLE!<\/strong><\/p>\n<p><strong>Das hei\u00dft,<\/strong> auch f\u00fcr<br \/>\no\u00a0\u00a0sehbehinderte und blinde Menschen<br \/>\no\u00a0\u00a0h\u00f6rbehinderte und geh\u00f6rlose Menschen<br \/>\no\u00a0\u00a0k\u00f6rper- und mehrfach behinderte Menschen<br \/>\no\u00a0\u00a0lern- und geistig behinderte Menschen<br \/>\no\u00a0\u00a0psychisch behinderte Menschen<br \/>\no\u00a0\u00a0durch Krankheit behinderte Menschen<br \/>\no\u00a0\u00a0und viele andere.<\/p>\n<p><strong>Wir setzen die UN-Konvention f\u00fcr die Rechte <\/strong><strong>von Menschen mit Behinderungen um.<\/strong><\/p>\n<p>Die UN-Konvention ist ein Vertrag zwischen vielen L\u00e4ndern.<br \/>\nAn den Vertrag muss sich Deutschland halten.<br \/>\nDer Vertrag sagt, dass Menschen mit Behinderungen \u00fcberall dazu geh\u00f6ren.<br \/>\nGenau so wie Menschen ohne Behinderungen.<br \/>\nDas nennt man <strong>Inklusion<\/strong>.<\/p>\n<p><strong>Das machen wir:<\/strong><br \/>\no\u00a0\u00a0Wir pr\u00fcfen, ob jeder \u00fcberall Zugang hat.<br \/>\no\u00a0\u00a0Zum Beispiel in \u00c4mtern, bei \u00c4rzten, Gasth\u00e4usern, B\u00fcchereien.<br \/>\no\u00a0\u00a0Wir beraten Menschen mit Behinderung, dass sie selbstbestimmt leben k\u00f6nnen.<br \/>\no\u00a0\u00a0Wir informieren dar\u00fcber, was Menschen mit Behinderungen zusteht. Zum Beispiel Aufz\u00fcge, leichte Sprache, Aufkl\u00e4rung.<br \/>\no\u00a0\u00a0Wir regen an, dass alle Menschen an einem inklusiven Landkreis Pfaffenhofen mitarbeiten.<\/p>\n<p><strong>Mitmachen ist wichtig!<\/strong><br \/>\no\u00a0\u00a0Wir freuen uns, wenn Sie zu uns kommen.<br \/>\no\u00a0\u00a0Sie k\u00f6nnen einfach bei uns mitarbeiten.<br \/>\no\u00a0\u00a0Sie k\u00f6nnen eigene Themen einbringen, die f\u00fcr alle interessant sind.<br \/>\no\u00a0\u00a0Sie k\u00f6nnen uns aber auch ohne regelm\u00e4\u00dfige Mitarbeit unterst\u00fctzen. Zum Beispiel mit Ihrem Wissen oder Ihren Kontakten.<\/p>\n<p><strong>Sprechen Sie mit uns!<\/strong><\/p>\n<p><strong>Diese Menschen sind im &#8222;Arbeitskreis Inklusion&#8220; aktiv:<\/strong><\/p>\n<table width=\"90%\">\n<tbody>\n<tr>\n<th>Name<\/th>\n<th>Hinweis<\/th>\n<th>Telefon-Nummer<\/th>\n<th>E-Mail<\/th>\n<\/tr>\n<tr>\n<th>Anna Helmke<\/th>\n<td>Sie ist von Regens Wagner Offene Hilfen.<\/td>\n<td>08441 85956-200<\/td>\n<td>anna.helmke@regens-wagner.de<\/td>\n<\/tr>\n<tr>\n<th>Martha Dietmair<\/th>\n<td>Sie wohnt in Ilmm\u00fcnster.<\/td>\n<td>08441 84744<\/td>\n<td><\/td>\n<\/tr>\n<tr>\n<th>Claudia Johannsen<\/th>\n<td>Sie wohnt in Pfaffenhofen a.d. Ilm.<\/td>\n<td><\/td>\n<td>ziesing.claudia@gmx.de<\/td>\n<\/tr>\n<tr>\n<th>Ewald Schawilye<\/th>\n<td>Er wohnt in Reichertshausen.<\/td>\n<td><\/td>\n<td>schawilye@freenet.de<\/td>\n<\/tr>\n<tr>\n<th>Sixtus Meyer<\/th>\n<td>Er ist von der Offenen-Behinderten-Arbeit Lebenshilfe Werkst\u00e4tten Region 10 GmbH.<\/td>\n<td>0841 6232-56<\/td>\n<td>meyer@lebenshilfe-ingolstadt.de<\/td>\n<\/tr>\n<tr>\n<th>Melanie Strecker<\/th>\n<td>Sie ist vom Heilp\u00e4dagogischen Zentrum Pfaffenhofen.<\/td>\n<td>08441 8097600<\/td>\n<td>melanie.strecker@hpz-paf.de<\/td>\n<\/tr>\n<tr>\n<th>Verena Kiss-Lohwasser<\/th>\n<td>Sie ist Stadtr\u00e4tin und Referentin f\u00fcr Senioren- und Behindertenbelange.<\/td>\n<td>08441 2487<\/td>\n<td><\/td>\n<\/tr>\n<tr>\n<th>Roman Ceeh<\/th>\n<td>Er wohnt in Pfaffenhofen a.d. Ilm.<\/td>\n<td><\/td>\n<td>romanceeh@gmx.de<\/td>\n<\/tr>\n<tr>\n<th>Franz Festl<\/th>\n<td>Er wohnt in Wolnzach.<\/td>\n<td>08442 4467<\/td>\n<td><\/td>\n<\/tr>\n<tr>\n<th>Manfred \u201dMensch\u201c Mayer<\/th>\n<td>Er ist von Soziale Skulptur HALLERTAUER.<\/td>\n<td>08441 72023<\/td>\n<td><\/td>\n<\/tr>\n<tr>\n<th>Eva Sindram<\/th>\n<td>Sie ist von pro familia Ingolstadt.<\/td>\n<td><\/td>\n<td>info@eva-sindram.de<\/td>\n<\/tr>\n<\/tbody>\n<\/table>\n","protected":false},"excerpt":{"rendered":"<p>WIR sind der &#8222;Arbeitskreis Inklusion Pfaffenhofen an der Ilm&#8220;. Das wollen wir: Wir wollen ein inklusives Pfaffenhofen an der Ilm. Das bedeutet: Wir wollen, dass im Landkreis Pfaffenhofen allen Menschen alles offensteht. Wir wollen Teilhabe f\u00fcr ALLE! Das hei\u00dft, auch &hellip; <a href=\"https:\/\/hallertauer-regional.de\/hallertauer\/?page_id=546\">Weiterlesen <span class=\"meta-nav\">&rarr;<\/span><\/a><\/p>\n","protected":false},"author":3,"featured_media":0,"parent":0,"menu_order":4,"comment_status":"closed","ping_status":"closed","template":"","meta":[],"_links":{"self":[{"href":"https:\/\/hallertauer-regional.de\/hallertauer\/index.php?rest_route=\/wp\/v2\/pages\/546"}],"collection":[{"href":"https:\/\/hallertauer-regional.de\/hallertauer\/index.php?rest_route=\/wp\/v2\/pages"}],"about":[{"href":"https:\/\/hallertauer-regional.de\/hallertauer\/index.php?rest_route=\/wp\/v2\/types\/page"}],"author":[{"embeddable":true,"href":"https:\/\/hallertauer-regional.de\/hallertauer\/index.php?rest_route=\/wp\/v2\/users\/3"}],"replies":[{"embeddable":true,"href":"https:\/\/hallertauer-regional.de\/hallertauer\/index.php?rest_route=%2Fwp%2Fv2%2Fcomments&post=546"}],"version-history":[{"count":18,"href":"https:\/\/hallertauer-regional.de\/hallertauer\/index.php?rest_route=\/wp\/v2\/pages\/546\/revisions"}],"predecessor-version":[{"id":565,"href":"https:\/\/hallertauer-regional.de\/hallertauer\/index.php?rest_route=\/wp\/v2\/pages\/546\/revisions\/565"}],"wp:attachment":[{"href":"https:\/\/hallertauer-regional.de\/hallertauer\/index.php?rest_route=%2Fwp%2Fv2%2Fmedia&parent=546"}],"curies":[{"name":"wp","href":"https:\/\/api.w.org\/{rel}","templated":true}]}}