{"id":45,"date":"2022-01-30T19:11:51","date_gmt":"2022-01-30T18:11:51","guid":{"rendered":"https:\/\/mensch02.bn-paf.de\/hallertauer\/?page_id=45"},"modified":"2024-03-01T17:38:15","modified_gmt":"2024-03-01T16:38:15","slug":"foerderprojekte","status":"publish","type":"page","link":"https:\/\/hallertauer-regional.de\/hallertauer\/?page_id=45","title":{"rendered":"F\u00f6rderprojekte"},"content":{"rendered":"<p><img decoding=\"async\" class=\"alignleft\" src=\"https:\/\/mensch02.bn-paf.de\/hallertauer\/wp-content\/uploads\/2022\/01\/3Prozent-203x300.jpg\" align=\"left\" hspace=\"20\/\" \/><br \/>\n<strong>Sie w\u00e4hlen aus!<\/strong><\/p>\n<p>Von &#8222;amnesty international&#8220; bis zum Tierschutzverein!<br \/>\nJede und jeder kann beim Umtausch von Euro in HALLERTAUER bestimmen, wohin der F\u00f6rderanteil von 3 % der Umtauschsumme flie\u00dfen soll.<\/p>\n<p><strong>Gestalten Sie mit!<\/strong><br \/>\n<strong> Verwenden Sie das Regionalgeld HALLERTAUER!<\/strong><br \/>\n<br clear=\"all\" \/><\/p>\n<h4><strong>HALLERTAUER F\u00f6rderprojekte<\/strong><\/h4>\n<ul>\n<li><a href=\"https:\/\/amnesty-paf.de\/\" target=\"_blank\" rel=\"noopener\">amnesty international Gruppe Pfaffenhofen\/Ilm<\/a><\/li>\n<li><a href=\"http:\/\/www.ape-familienhilfe.de\" target=\"_blank\" rel=\"noopener\">A.p.e. Ambulantes p\u00e4dagogisches Einsatzteam<\/a><\/li>\n<li><a href=\"https:\/\/pfaffenhofen.bund-naturschutz.de\/\" target=\"_blank\" rel=\"noopener\">Bund Naturschutz, Kreisgruppe Pfaffenhofen<\/a><\/li>\n<li><a href=\"http:\/\/www.esv-paf.de\" target=\"_blank\" rel=\"noopener\">Energie- und Solarverein Pfaffenhofen e.V.<\/a><\/li>\n<li>Jugendarbeit der Sportvereine:\n<ul>\n<li><a href=\"http:\/\/www.ecp-paf.de\" target=\"_blank\" rel=\"noopener\">Eissportclub Pfaffenhofen<\/a><\/li>\n<li><a href=\"http:\/\/www.mtv-paf.de\" target=\"_blank\" rel=\"noopener\">MTV Pfaffenhofen<\/a><\/li>\n<li><a href=\"http:\/\/www.tcpfaffenhofen.de\" target=\"_blank\" rel=\"noopener\">Tennisclub Pfaffenhofen<\/a><\/li>\n<\/ul>\n<\/li>\n<li><a href=\"http:\/\/www.jugendparlament-paf.de\" target=\"_blank\" rel=\"noopener\">Jugendparlament Pfaffenhofen<\/a><\/li>\n<li>InterKulturGarten Pfaffenhofen an der Ilm<\/li>\n<li><a href=\"http:\/\/www.kuenstlerwerkstatt-pfaffenhofen.de\" target=\"_blank\" rel=\"noopener\">K\u00fcnstlerwerkstatt<\/a><\/li>\n<li><a href=\"http:\/\/www.mobile-ev.com\" target=\"_blank\" rel=\"noopener\">Mobile-EV<\/a><\/li>\n<li><a href=\"http:\/\/www.kunstverein-pfaffenhofen.de\" target=\"_blank\" rel=\"noopener\">Neuer Pfaffenhofener Kunstverein<\/a><\/li>\n<li><a href=\"https:\/\/www.landkreis-pfaffenhofen.de\/leben\/familie\/jugendamt\/\" target=\"_blank\" rel=\"noopener\">Aktion \u201eStarke Kinder!!!\u201c Jugendamt PAF<\/a><\/li>\n<li><a href=\"http:\/\/www.tierschutzverein-pfaffenhofen.de\" target=\"_blank\" rel=\"noopener\">Tierschutzverein Pfaffenhofen und Umgebung e.V.<\/a><\/li>\n<\/ul>\n<p>Stand: 6. M\u00e4rz 2023<\/p>\n<p>Selbstverst\u00e4ndlich kann die Liste der F\u00f6rderprojekte erweitert werden.<br \/>\nGemeinn\u00fctzige Vereine und Organisationen k\u00f6nnen jederzeit einen Antrag auf Aufnahme in unser Netzwerk stellen und beantragen, als F\u00f6rderprojekt gef\u00fchrt zu werden. Beteiligen Sie sich!<\/p>\n<p><a href=\"https:\/\/hallertauer-regional.de\/hallertauer\/?page_id=58\">\u00dcbersicht \u00fcber die 2022 und 2023 ausbezahlten F\u00f6rdergelder<\/a><\/p>\n<p><strong>Anfragen und Antr\u00e4ge an:<\/strong><br \/>\nHALLERTAUER REGIOnal &#8211; Verein f\u00fcr nachhaltiges Wirtschaften e. V.<br \/>\nT\u00fcrltorstra\u00dfe 26<br \/>\n85276 Pfaffenhofen an der Ilm<br \/>\nTelefon: 08441 &#8211; 72023<\/p>\n","protected":false},"excerpt":{"rendered":"<p>Sie w\u00e4hlen aus! Von &#8222;amnesty international&#8220; bis zum Tierschutzverein! Jede und jeder kann beim Umtausch von Euro in HALLERTAUER bestimmen, wohin der F\u00f6rderanteil von 3 % der Umtauschsumme flie\u00dfen soll. Gestalten Sie mit! Verwenden Sie das Regionalgeld HALLERTAUER! HALLERTAUER F\u00f6rderprojekte &hellip; <a href=\"https:\/\/hallertauer-regional.de\/hallertauer\/?page_id=45\">Weiterlesen <span class=\"meta-nav\">&rarr;<\/span><\/a><\/p>\n","protected":false},"author":2,"featured_media":0,"parent":33,"menu_order":2,"comment_status":"closed","ping_status":"closed","template":"","meta":[],"_links":{"self":[{"href":"https:\/\/hallertauer-regional.de\/hallertauer\/index.php?rest_route=\/wp\/v2\/pages\/45"}],"collection":[{"href":"https:\/\/hallertauer-regional.de\/hallertauer\/index.php?rest_route=\/wp\/v2\/pages"}],"about":[{"href":"https:\/\/hallertauer-regional.de\/hallertauer\/index.php?rest_route=\/wp\/v2\/types\/page"}],"author":[{"embeddable":true,"href":"https:\/\/hallertauer-regional.de\/hallertauer\/index.php?rest_route=\/wp\/v2\/users\/2"}],"replies":[{"embeddable":true,"href":"https:\/\/hallertauer-regional.de\/hallertauer\/index.php?rest_route=%2Fwp%2Fv2%2Fcomments&post=45"}],"version-history":[{"count":26,"href":"https:\/\/hallertauer-regional.de\/hallertauer\/index.php?rest_route=\/wp\/v2\/pages\/45\/revisions"}],"predecessor-version":[{"id":596,"href":"https:\/\/hallertauer-regional.de\/hallertauer\/index.php?rest_route=\/wp\/v2\/pages\/45\/revisions\/596"}],"up":[{"embeddable":true,"href":"https:\/\/hallertauer-regional.de\/hallertauer\/index.php?rest_route=\/wp\/v2\/pages\/33"}],"wp:attachment":[{"href":"https:\/\/hallertauer-regional.de\/hallertauer\/index.php?rest_route=%2Fwp%2Fv2%2Fmedia&parent=45"}],"curies":[{"name":"wp","href":"https:\/\/api.w.org\/{rel}","templated":true}]}}