{"id":41,"date":"2022-01-30T19:08:15","date_gmt":"2022-01-30T18:08:15","guid":{"rendered":"https:\/\/mensch02.bn-paf.de\/hallertauer\/?page_id=41"},"modified":"2024-05-09T22:12:16","modified_gmt":"2024-05-09T20:12:16","slug":"abc-des-hallertauer","status":"publish","type":"page","link":"https:\/\/hallertauer-regional.de\/hallertauer\/?page_id=41","title":{"rendered":"ABC des HALLERTAUER"},"content":{"rendered":"<p>Kurze Einf\u00fchrung. Oder: Der HALLERTAUER, wie er leibt und zahlt!<\/p>\n<p>Was der Chiemgau mit dem &#8222;Chiemgauer&#8220;, die Bremer mit dem &#8222;Roland&#8220;, das Berchtesgadener Land mit dem &#8222;Sterntaler&#8220; haben, das hat jetzt auch Pfaffenhofen mit dem &#8222;HALLERTAUER&#8220;: Seine eigene Regionalw\u00e4hrung. Am 11. November 2004 &#8211; wahrscheinlich um 11.11 Uhr, aber durchaus kein Faschingsscherz! &#8211; ging die erste Serie des Regionalgeldes &#8222;HALLERTAUER&#8220; bei der Druckerei Riegler in Druck und am 25. November 2004 erstmals in Umlauf.<\/p>\n<p>Die Wertgutscheine werden &#8211; \u00dcbersetzung f\u00fcr der bayerischen Sprache nicht m\u00e4chtigen in Klammern &#8211; in folgenden Werten gedruckt: Oansa (Einser), Zwickl (Zweier), VUENVa (F\u00fcnfer), Zehna (Zehner), Zwanzga (Zwanziger) und A echta Fuffzga (Ein echter F\u00fcnfziger). Die bayerischen Namen sagen sowohl etwas \u00fcber seine geographische Herkunft (Hallertau) als auch \u00fcber sein G\u00fcltigkeitgebiet aus.<\/p>\n<p>W\u00e4hrend eine Seite ganz der Kunst geh\u00f6rt (Siehe: Gutschein-Galerie), stehen auf der Gebrauchsseite vor allem die Sicherheitsmerkmale im Vordergrund. Wie ein normaler Geldschein hat auch der HALLERTAUER &#8211; Gutschein seine Sicherheitsmerkmale: Unter anderem sind das sein hochwertiger Offsetdruck auf Spezialpapier, Seriennummer, Pr\u00e4gestempel des Vereinslogos und die Orginalunterschriften zweier Vorst\u00e4nde.<\/p>\n<p>Ein Ziel des HALLERTAUER ist es die Kaufkraft in der Region zu halten und somit einen Beitrag zum Erhalt und zur Belebung der Wirtschaft vor Ort zu leisten. Deshalb kann der HALLERTAUER nur bei kleinen und mittelst\u00e4ndischen Gesch\u00e4ften und Unternehmen, bei Regionalerzeugern und \u00f6rtlichen DienstleisterInnen ausgegeben werden. Es gibt in Pfaffenhofen und im Landkreis schon um die <span style=\"color: #0000ff;\"><a style=\"color: #0000ff;\" href=\"https:\/\/hallertauer-regional.de\/hallertauer\/?page_id=618\">80 Stellen<\/a><\/span>, die den HALLERTAUER akzeptieren. Jede B\u00fcrgerin und jeder B\u00fcrger, der im Landkreis Pfaffenhofen wohnt und beitragsfreies F\u00f6rdermitglied bei HALLERTAUER REGIOnal e. V. ist, kann das Regionalgeld verwenden. Umgetauscht wird der Euro in HALLERTAUER im einfachen Wechselkurs von 1:1. Jeder HALLERTAUER, der in Umlauf geht schafft zudem eine F\u00f6rdersumme von drei Prozent, die sozialen, kulturellen oder \u00f6kologischen Projekten zugute kommt. Auch deshalb: Je breiter die Akzeptanz und je h\u00f6her der Umlauf, umso h\u00f6her die Wirkung des Regionalgeldes auf allen Ebenen.<\/p>\n<p>Ganz im Sinne von Joseph Beuys verstehen wir unser Wirken als Arbeit an einer Sozialen Skulptur. Durch b\u00fcrgerliches Engagement und Eigeninitiative zur Selbsthilfe wollen wir unmittelbaren &#8211; regionalen &#8211; Lebensraum gestalten. Es geht um Lebensqualit\u00e4t im Hier und Jetzt. Das HALLERTAUER-Netzwerk bietet einer Gemeinschaft aus Vereinen, Schulen, Gewerbetreibenden, Gemeinden, Stadt und Landkreis Platz und Raum zur konkreten (Lebens-) Gestaltung. Die HALLERTAUER-GUT(e)SCHEIN(e) sind ein notwendiger und wichtiger Schritt.<\/p>\n<p>Hopfen und Malz, der HALLERTAUER erhalt&#8217;s!<\/p>\n<p><a href=\"https:\/\/mensch02.bn-paf.de\/hallertauer\/wp-content\/uploads\/2022\/01\/H-Regeln-scaled.jpg\"><img decoding=\"async\" class=\"aligncenter size-large wp-image-150\" src=\"https:\/\/mensch02.bn-paf.de\/hallertauer\/wp-content\/uploads\/2022\/01\/H-Regeln-677x1024.jpg\" alt=\"\" width=\"80%\" srcset=\"https:\/\/mensch02.bn-paf.de\/hallertauer\/wp-content\/uploads\/2022\/01\/H-Regeln-677x1024.jpg 677w, https:\/\/mensch02.bn-paf.de\/hallertauer\/wp-content\/uploads\/2022\/01\/H-Regeln-198x300.jpg 198w, https:\/\/mensch02.bn-paf.de\/hallertauer\/wp-content\/uploads\/2022\/01\/H-Regeln-768x1162.jpg 768w, https:\/\/mensch02.bn-paf.de\/hallertauer\/wp-content\/uploads\/2022\/01\/H-Regeln-1015x1536.jpg 1015w, https:\/\/mensch02.bn-paf.de\/hallertauer\/wp-content\/uploads\/2022\/01\/H-Regeln-1353x2048.jpg 1353w, https:\/\/mensch02.bn-paf.de\/hallertauer\/wp-content\/uploads\/2022\/01\/H-Regeln-529x800.jpg 529w, https:\/\/mensch02.bn-paf.de\/hallertauer\/wp-content\/uploads\/2022\/01\/H-Regeln-scaled.jpg 1691w\" sizes=\"(max-width: 677px) 100vw, 677px\" \/><\/a><\/p>\n","protected":false},"excerpt":{"rendered":"<p>Kurze Einf\u00fchrung. Oder: Der HALLERTAUER, wie er leibt und zahlt! Was der Chiemgau mit dem &#8222;Chiemgauer&#8220;, die Bremer mit dem &#8222;Roland&#8220;, das Berchtesgadener Land mit dem &#8222;Sterntaler&#8220; haben, das hat jetzt auch Pfaffenhofen mit dem &#8222;HALLERTAUER&#8220;: Seine eigene Regionalw\u00e4hrung. Am &hellip; <a href=\"https:\/\/hallertauer-regional.de\/hallertauer\/?page_id=41\">Weiterlesen <span class=\"meta-nav\">&rarr;<\/span><\/a><\/p>\n","protected":false},"author":2,"featured_media":0,"parent":33,"menu_order":1,"comment_status":"closed","ping_status":"closed","template":"","meta":[],"_links":{"self":[{"href":"https:\/\/hallertauer-regional.de\/hallertauer\/index.php?rest_route=\/wp\/v2\/pages\/41"}],"collection":[{"href":"https:\/\/hallertauer-regional.de\/hallertauer\/index.php?rest_route=\/wp\/v2\/pages"}],"about":[{"href":"https:\/\/hallertauer-regional.de\/hallertauer\/index.php?rest_route=\/wp\/v2\/types\/page"}],"author":[{"embeddable":true,"href":"https:\/\/hallertauer-regional.de\/hallertauer\/index.php?rest_route=\/wp\/v2\/users\/2"}],"replies":[{"embeddable":true,"href":"https:\/\/hallertauer-regional.de\/hallertauer\/index.php?rest_route=%2Fwp%2Fv2%2Fcomments&post=41"}],"version-history":[{"count":8,"href":"https:\/\/hallertauer-regional.de\/hallertauer\/index.php?rest_route=\/wp\/v2\/pages\/41\/revisions"}],"predecessor-version":[{"id":652,"href":"https:\/\/hallertauer-regional.de\/hallertauer\/index.php?rest_route=\/wp\/v2\/pages\/41\/revisions\/652"}],"up":[{"embeddable":true,"href":"https:\/\/hallertauer-regional.de\/hallertauer\/index.php?rest_route=\/wp\/v2\/pages\/33"}],"wp:attachment":[{"href":"https:\/\/hallertauer-regional.de\/hallertauer\/index.php?rest_route=%2Fwp%2Fv2%2Fmedia&parent=41"}],"curies":[{"name":"wp","href":"https:\/\/api.w.org\/{rel}","templated":true}]}}