{"id":36,"date":"2022-01-30T19:03:10","date_gmt":"2022-01-30T18:03:10","guid":{"rendered":"https:\/\/mensch02.bn-paf.de\/hallertauer\/?page_id=36"},"modified":"2024-02-26T14:21:52","modified_gmt":"2024-02-26T13:21:52","slug":"aktuelles","status":"publish","type":"page","link":"https:\/\/hallertauer-regional.de\/hallertauer\/?page_id=36","title":{"rendered":"Aktuelles"},"content":{"rendered":"<p><strong>2024 = 20 Jahre HALLERTAUER REGIOnalgeld!<\/strong><\/p>\n<p>Pfaffenhofen.\u00a0Die neue\u00a0HALLERTAUER-REGIOnalgeld-Serie 2024 ist im Umlauf! Die Scheine der Serie 2023 behalten zus\u00e4tzlich weiter das ganze Jahr \u00fcber ihre G\u00fcltigkeit. Die neue Auflage, bestehend aus zw\u00f6lf Motiven, w\u00fcrdigt wie auch schon die Serien zum 10- und 15-j\u00e4hrigen Jubil\u00e4um wiederum verdiente Gemeinwohlpioniere.<\/p>\n<p style=\"font-weight: 400;\">Auf der Gestaltungsseite der\u00a0HALLERTAUER-REGIOnalgeld-Serie 2014 werden folgende\u00a0Gemeinwohlpioniere in Wort und Bild gew\u00fcrdigt:<\/p>\n<p style=\"font-weight: 400;\">Die Verhaltensforscherin und Tiersch\u00fctzerin Jane Goodall, die indische soziale Aktivistin und Tr\u00e4gerin des Alternativen Nobelpreises Verdana Shiva, die Kolumbianerin Paulo Caballero, die den Impuls zur Einf\u00fchrung der globalen Nachhaltigkeitsziele und der Agenda 2030 gab, die Kulturwissenschaftlerin und Sustainable Matchmaker Tina Teucher, weiter Soziologin und Impulsgeberin f\u00fcr Urban Gardening Christa M\u00fcller, der Bundesgescha\u0308ftsfu\u0308hrer der Deutschen Umwelthilfe J\u00fcrgen Resch, Kapit\u00e4nin und Aktivistin in der Seenotrettung Carola Rackete, <a href=\"https:\/\/de.wikipedia.org\/wiki\/Klimaschutz\">Klimaschutz<\/a>&#8211;<a href=\"https:\/\/de.wikipedia.org\/wiki\/Aktivist\">Aktivistin<\/a> Luisa Neubauer, Polit\u00f6konomin Maja G\u00f6bel, Professor f\u00fcr <a href=\"https:\/\/de.wikipedia.org\/wiki\/Plurale_%C3%96konomik\">Plurale \u00d6konomik<\/a> Niko Paech, der Biologe und Professor f\u00fcr Naturschutz Pierre L. Ibisch zusammen mit dem Politikwissenschaftler und Soziologen J\u00f6rg Sommer. \u00a0Und zu guter Letzt Corinna H\u00f6lzer zusammen mit Cornelis Hemmer, die Gr\u00fcnder und Leiter der\u00a0<a href=\"http:\/\/stiftung-mensch-umwelt.de\/\">Stiftung f\u00fcr Mensch und Umwelt<\/a>.<\/p>\n<p style=\"font-weight: 400;\">Die neuen HALLERTAUER bringen den Nutzern des Regionalgeldes das Wirken von Gemeinwohlpionieren in unterschiedlichen Gestaltungsfeldern ins Bewusstsein, regen zur Nachahmung an und erf\u00fcllen gleichzeitig auch noch gemeinn\u00fctzige Zwecke. Bei jeder Schaffung, d.h. Umtausch von Euro in das HALLERTAUER REGIOnalgeld, entstehen 3 % F\u00f6rdergelder, die individuell an die Kreisgruppe Bund Naturschutz, die Jugendabteilungen von MTV Pfaffenhofen, ECP und TCP, die K\u00fcnstlerwerkstatt, den Neuen Pfaffenhofener Kunstverein, Mobile, A.p.e. (Ambulantes P\u00e4dagogisches Einsatzteam), die Ortsgruppe von Amnesty International, den Energie- und Solarverein, das Jugendparlament PAF, den Tierschutzverein, den InterKulturGarten, dem Aktionsb\u00fcndnis \u201ePfaffenhofen an der Ilm summt! \u2013 Wir tun was f\u00fcr Bienen!\u201c oder die Aktion \u201eStarke Kinder!!!\u201c (Drogenpr\u00e4vention) vom Jugendamt zugewiesen werden k\u00f6nnen. Die geschaffenen F\u00f6rdersummen der vergangenen Jahre ergeben zusammen schon \u00fcber 21.300 H\/\u20ac. Die F\u00f6rdersummen, die 2023 geschaffen und mit GfG-Stadtratsgeldern aufgestockt wurden, betragen insgesamt 1.000 H\/\u20ac.<\/p>\n<p style=\"font-weight: 400;\">An die HALLERTAUER-REGIOnalgeld-Gutscheine zu kommen ist ganz einfach. In der Innenstadt von Pfaffenhofen gibt es drei Ausgabestellen:<\/p>\n<ul>\n<li style=\"font-weight: 400;\">&#8211; Buchhandlung WortReich, Auenstr. 4<\/li>\n<li style=\"font-weight: 400;\">&#8211; Wirtschafts- und Servicegesellschaft Pfaffenhofen, Frauenstr. 36<\/li>\n<li style=\"font-weight: 400;\">&#8211; HALLERTAUER-Verein, Kontakt \u00fcber 08441-72023 (AB).<\/li>\n<\/ul>\n<p><span style=\"font-weight: 400;\">In Wolnzach sind HALLERTAUER im Hopfenmuseum erh\u00e4ltlich. <\/span><\/p>\n<p><a href=\"https:\/\/mensch02.bn-paf.de\/hallertauer\/wp-content\/uploads\/2024\/02\/P1130880-scaled.jpg\"><img decoding=\"async\" loading=\"lazy\" class=\"alignleft size-large wp-image-573\" src=\"https:\/\/mensch02.bn-paf.de\/hallertauer\/wp-content\/uploads\/2024\/02\/P1130880-1024x683.jpg\" alt=\"\" width=\"500\" height=\"333\" srcset=\"https:\/\/mensch02.bn-paf.de\/hallertauer\/wp-content\/uploads\/2024\/02\/P1130880-1024x683.jpg 1024w, https:\/\/mensch02.bn-paf.de\/hallertauer\/wp-content\/uploads\/2024\/02\/P1130880-300x200.jpg 300w, https:\/\/mensch02.bn-paf.de\/hallertauer\/wp-content\/uploads\/2024\/02\/P1130880-768x512.jpg 768w, https:\/\/mensch02.bn-paf.de\/hallertauer\/wp-content\/uploads\/2024\/02\/P1130880-1536x1025.jpg 1536w, https:\/\/mensch02.bn-paf.de\/hallertauer\/wp-content\/uploads\/2024\/02\/P1130880-2048x1367.jpg 2048w, https:\/\/mensch02.bn-paf.de\/hallertauer\/wp-content\/uploads\/2024\/02\/P1130880-800x534.jpg 800w\" sizes=\"(max-width: 500px) 100vw, 500px\" \/><\/a><\/p>\n<p>&nbsp;<\/p>\n<p>&nbsp;<\/p>\n<p>&nbsp;<\/p>\n<p style=\"font-weight: 400;\">\u00dcbergabe der druckfrischen Ersttagsdrucke der Serie 2024, aus denen die insgesamt sechs verschiedenen Wertegutscheine mit ihren 12 Motiven geschnitten werden, in der Druckerei Humbach &amp; Nemazal. V.l.n.r.: HALLERTAUER-Vorstand Manfred&#8220;Mensch&#8220;Mayer, HALLERTAUER Christiane Hofbauer und Herbert Patig und die Leistungsdrucker Bruno Nemazal und Christian Ott.<\/p>\n<p><strong><\/p>\n<p><\/strong><\/p>\n","protected":false},"excerpt":{"rendered":"<p>2024 = 20 Jahre HALLERTAUER REGIOnalgeld! Pfaffenhofen.\u00a0Die neue\u00a0HALLERTAUER-REGIOnalgeld-Serie 2024 ist im Umlauf! Die Scheine der Serie 2023 behalten zus\u00e4tzlich weiter das ganze Jahr \u00fcber ihre G\u00fcltigkeit. Die neue Auflage, bestehend aus zw\u00f6lf Motiven, w\u00fcrdigt wie auch schon die Serien zum &hellip; <a href=\"https:\/\/hallertauer-regional.de\/hallertauer\/?page_id=36\">Weiterlesen <span class=\"meta-nav\">&rarr;<\/span><\/a><\/p>\n","protected":false},"author":2,"featured_media":0,"parent":33,"menu_order":0,"comment_status":"closed","ping_status":"closed","template":"full-width-page.php","meta":[],"_links":{"self":[{"href":"https:\/\/hallertauer-regional.de\/hallertauer\/index.php?rest_route=\/wp\/v2\/pages\/36"}],"collection":[{"href":"https:\/\/hallertauer-regional.de\/hallertauer\/index.php?rest_route=\/wp\/v2\/pages"}],"about":[{"href":"https:\/\/hallertauer-regional.de\/hallertauer\/index.php?rest_route=\/wp\/v2\/types\/page"}],"author":[{"embeddable":true,"href":"https:\/\/hallertauer-regional.de\/hallertauer\/index.php?rest_route=\/wp\/v2\/users\/2"}],"replies":[{"embeddable":true,"href":"https:\/\/hallertauer-regional.de\/hallertauer\/index.php?rest_route=%2Fwp%2Fv2%2Fcomments&post=36"}],"version-history":[{"count":20,"href":"https:\/\/hallertauer-regional.de\/hallertauer\/index.php?rest_route=\/wp\/v2\/pages\/36\/revisions"}],"predecessor-version":[{"id":574,"href":"https:\/\/hallertauer-regional.de\/hallertauer\/index.php?rest_route=\/wp\/v2\/pages\/36\/revisions\/574"}],"up":[{"embeddable":true,"href":"https:\/\/hallertauer-regional.de\/hallertauer\/index.php?rest_route=\/wp\/v2\/pages\/33"}],"wp:attachment":[{"href":"https:\/\/hallertauer-regional.de\/hallertauer\/index.php?rest_route=%2Fwp%2Fv2%2Fmedia&parent=36"}],"curies":[{"name":"wp","href":"https:\/\/api.w.org\/{rel}","templated":true}]}}