{"id":33,"date":"2022-01-30T18:59:02","date_gmt":"2022-01-30T17:59:02","guid":{"rendered":"https:\/\/mensch02.bn-paf.de\/hallertauer\/?page_id=33"},"modified":"2023-01-25T18:14:19","modified_gmt":"2023-01-25T17:14:19","slug":"33-2","status":"publish","type":"page","link":"https:\/\/hallertauer-regional.de\/hallertauer\/?page_id=33","title":{"rendered":"REGIOnalGELD HALLERTAUER"},"content":{"rendered":"<p>Wie die flei\u00dfigen Bienen f\u00fcr ihre Gemeinschaft Honig erzeugen, so erzeugen die Mitglieder der Sozialen Skulptur HALLERTAUER als Mittel und Medium ihrer Gemeinwohlwirtschaft ihre \u2013 im wahrsten Sinne des Wortes \u2013 GUT(e)SCHEIN(e), die HALLERTAUER. Die Gemeinschaft der Bien ist f\u00fcr das HALLERTAUER-Netzwerk Vorbild f\u00fcr die Art von Kooperation, die zu echtem Wohlstandswachstum f\u00fcr alle f\u00fchrt. &#8222;Wer seinen Wohlstand vermehren m\u00f6chte, der sollte sich an den Bienen ein Beispiel nehmen. Sie sammeln den Honig, ohne die Blumen zu zerst\u00f6ren. Sie sind sogar n\u00fctzlich f\u00fcr die Blumen. Sammle deinen Reichtum, ohne seine Quellen zu zerst\u00f6ren, dann wird er best\u00e4ndig zunehmen.&#8220; Siddhartha Gautama.<\/p>\n<p>Wer Beuys sagt und Demokratie denkt und lebt, der oder die landet per se bei den Bienen. Denn, so sagt Joseph Beuys, Honig flie\u00dft in alle Richtungen! Die HALLERTAUER-GUT(e)SCHEIN(e) nat\u00fcrlich auch!<\/p>\n<p><img decoding=\"async\" class=\"aligncenter size-medium\" src=\"\/hallertauer\/wp-content\/uploads\/2022\/01\/4OansaRckA12.jpg\"\/><\/p>\n","protected":false},"excerpt":{"rendered":"<p>Wie die flei\u00dfigen Bienen f\u00fcr ihre Gemeinschaft Honig erzeugen, so erzeugen die Mitglieder der Sozialen Skulptur HALLERTAUER als Mittel und Medium ihrer Gemeinwohlwirtschaft ihre \u2013 im wahrsten Sinne des Wortes \u2013 GUT(e)SCHEIN(e), die HALLERTAUER. Die Gemeinschaft der Bien ist f\u00fcr &hellip; <a href=\"https:\/\/hallertauer-regional.de\/hallertauer\/?page_id=33\">Weiterlesen <span class=\"meta-nav\">&rarr;<\/span><\/a><\/p>\n","protected":false},"author":2,"featured_media":0,"parent":0,"menu_order":2,"comment_status":"closed","ping_status":"closed","template":"","meta":[],"_links":{"self":[{"href":"https:\/\/hallertauer-regional.de\/hallertauer\/index.php?rest_route=\/wp\/v2\/pages\/33"}],"collection":[{"href":"https:\/\/hallertauer-regional.de\/hallertauer\/index.php?rest_route=\/wp\/v2\/pages"}],"about":[{"href":"https:\/\/hallertauer-regional.de\/hallertauer\/index.php?rest_route=\/wp\/v2\/types\/page"}],"author":[{"embeddable":true,"href":"https:\/\/hallertauer-regional.de\/hallertauer\/index.php?rest_route=\/wp\/v2\/users\/2"}],"replies":[{"embeddable":true,"href":"https:\/\/hallertauer-regional.de\/hallertauer\/index.php?rest_route=%2Fwp%2Fv2%2Fcomments&post=33"}],"version-history":[{"count":7,"href":"https:\/\/hallertauer-regional.de\/hallertauer\/index.php?rest_route=\/wp\/v2\/pages\/33\/revisions"}],"predecessor-version":[{"id":395,"href":"https:\/\/hallertauer-regional.de\/hallertauer\/index.php?rest_route=\/wp\/v2\/pages\/33\/revisions\/395"}],"wp:attachment":[{"href":"https:\/\/hallertauer-regional.de\/hallertauer\/index.php?rest_route=%2Fwp%2Fv2%2Fmedia&parent=33"}],"curies":[{"name":"wp","href":"https:\/\/api.w.org\/{rel}","templated":true}]}}