{"id":113,"date":"2022-01-31T08:38:31","date_gmt":"2022-01-31T07:38:31","guid":{"rendered":"http:\/\/www.mensch02.bn-paf.de\/hallertauer\/?page_id=113"},"modified":"2023-04-28T19:53:27","modified_gmt":"2023-04-28T17:53:27","slug":"wir-sind-stadtrat","status":"publish","type":"page","link":"https:\/\/hallertauer-regional.de\/hallertauer\/?page_id=113","title":{"rendered":"Wir sind Stadtrat!"},"content":{"rendered":"<p><a href=\"https:\/\/mensch02.bn-paf.de\/hallertauer\/wp-content\/uploads\/2023\/01\/GfGListe2020.jpg\"><img decoding=\"async\" loading=\"lazy\" class=\"alignleft size-full wp-image-416\" src=\"https:\/\/mensch02.bn-paf.de\/hallertauer\/wp-content\/uploads\/2023\/01\/GfGListe2020.jpg\" alt=\"\" width=\"940\" height=\"700\" srcset=\"https:\/\/mensch02.bn-paf.de\/hallertauer\/wp-content\/uploads\/2023\/01\/GfGListe2020.jpg 940w, https:\/\/mensch02.bn-paf.de\/hallertauer\/wp-content\/uploads\/2023\/01\/GfGListe2020-300x223.jpg 300w, https:\/\/mensch02.bn-paf.de\/hallertauer\/wp-content\/uploads\/2023\/01\/GfGListe2020-768x572.jpg 768w, https:\/\/mensch02.bn-paf.de\/hallertauer\/wp-content\/uploads\/2023\/01\/GfGListe2020-800x596.jpg 800w\" sizes=\"(max-width: 940px) 100vw, 940px\" \/><\/a><\/p>\n<p>&nbsp;<\/p>\n<p>&nbsp;<\/p>\n<p>&nbsp;<\/p>\n<p>&nbsp;<\/p>\n<p>&nbsp;<\/p>\n<p>&nbsp;<\/p>\n<p>&nbsp;<\/p>\n<p>&nbsp;<\/p>\n<p><a href=\"https:\/\/mensch02.bn-paf.de\/hallertauer\/wp-content\/uploads\/2022\/01\/Gfg-13301213-scaled.jpg\">GfG-W\u00e4hlergruppe 2020<\/a><\/p>\n<p><a href=\"https:\/\/mensch02.bn-paf.de\/hallertauer\/wp-content\/uploads\/2022\/01\/Gfg-13301213-scaled.jpg\"><img decoding=\"async\" loading=\"lazy\" class=\"aligncenter size-full wp-image-259\" src=\"https:\/\/mensch02.bn-paf.de\/hallertauer\/wp-content\/uploads\/2022\/01\/Gfg-13301213-scaled.jpg\" alt=\"\" width=\"2560\" height=\"1793\" srcset=\"https:\/\/mensch02.bn-paf.de\/hallertauer\/wp-content\/uploads\/2022\/01\/Gfg-13301213-scaled.jpg 2560w, https:\/\/mensch02.bn-paf.de\/hallertauer\/wp-content\/uploads\/2022\/01\/Gfg-13301213-300x210.jpg 300w, https:\/\/mensch02.bn-paf.de\/hallertauer\/wp-content\/uploads\/2022\/01\/Gfg-13301213-1024x717.jpg 1024w, https:\/\/mensch02.bn-paf.de\/hallertauer\/wp-content\/uploads\/2022\/01\/Gfg-13301213-768x538.jpg 768w, https:\/\/mensch02.bn-paf.de\/hallertauer\/wp-content\/uploads\/2022\/01\/Gfg-13301213-1536x1076.jpg 1536w, https:\/\/mensch02.bn-paf.de\/hallertauer\/wp-content\/uploads\/2022\/01\/Gfg-13301213-2048x1435.jpg 2048w, https:\/\/mensch02.bn-paf.de\/hallertauer\/wp-content\/uploads\/2022\/01\/Gfg-13301213-800x560.jpg 800w\" sizes=\"(max-width: 2560px) 100vw, 2560px\" \/>GfG-W\u00e4hlergruppe 2004<\/a><\/p>\n<p>Oben v.l.n.r.: Herbert Patig, Matthias Hofbauer, Birgit K\u00f6gler, Ulrich Wandersleb-M\u00fcnst, Almuth R\u00f6nner, Agnes Patig, Barbara Tornier. Mitte v.l.n.r.: Manfred&#8220;Mensch&#8220;Mayer, Anna-Elisabeth Mayr, Sina Wahab, Brigitte Beckenbauer. Unten (Fotos) v.l.n.r.: Bernd Duschner, Nikolaus Buhn, Kim Can Sami Meilinger.<\/p>\n","protected":false},"excerpt":{"rendered":"<p>&nbsp; &nbsp; &nbsp; &nbsp; &nbsp; &nbsp; &nbsp; &nbsp; GfG-W\u00e4hlergruppe 2020 GfG-W\u00e4hlergruppe 2004 Oben v.l.n.r.: Herbert Patig, Matthias Hofbauer, Birgit K\u00f6gler, Ulrich Wandersleb-M\u00fcnst, Almuth R\u00f6nner, Agnes Patig, Barbara Tornier. Mitte v.l.n.r.: Manfred&#8220;Mensch&#8220;Mayer, Anna-Elisabeth Mayr, Sina Wahab, Brigitte Beckenbauer. Unten (Fotos) v.l.n.r.: &hellip; <a href=\"https:\/\/hallertauer-regional.de\/hallertauer\/?page_id=113\">Weiterlesen <span class=\"meta-nav\">&rarr;<\/span><\/a><\/p>\n","protected":false},"author":2,"featured_media":0,"parent":106,"menu_order":3,"comment_status":"closed","ping_status":"closed","template":"full-width-page.php","meta":[],"_links":{"self":[{"href":"https:\/\/hallertauer-regional.de\/hallertauer\/index.php?rest_route=\/wp\/v2\/pages\/113"}],"collection":[{"href":"https:\/\/hallertauer-regional.de\/hallertauer\/index.php?rest_route=\/wp\/v2\/pages"}],"about":[{"href":"https:\/\/hallertauer-regional.de\/hallertauer\/index.php?rest_route=\/wp\/v2\/types\/page"}],"author":[{"embeddable":true,"href":"https:\/\/hallertauer-regional.de\/hallertauer\/index.php?rest_route=\/wp\/v2\/users\/2"}],"replies":[{"embeddable":true,"href":"https:\/\/hallertauer-regional.de\/hallertauer\/index.php?rest_route=%2Fwp%2Fv2%2Fcomments&post=113"}],"version-history":[{"count":8,"href":"https:\/\/hallertauer-regional.de\/hallertauer\/index.php?rest_route=\/wp\/v2\/pages\/113\/revisions"}],"predecessor-version":[{"id":535,"href":"https:\/\/hallertauer-regional.de\/hallertauer\/index.php?rest_route=\/wp\/v2\/pages\/113\/revisions\/535"}],"up":[{"embeddable":true,"href":"https:\/\/hallertauer-regional.de\/hallertauer\/index.php?rest_route=\/wp\/v2\/pages\/106"}],"wp:attachment":[{"href":"https:\/\/hallertauer-regional.de\/hallertauer\/index.php?rest_route=%2Fwp%2Fv2%2Fmedia&parent=113"}],"curies":[{"name":"wp","href":"https:\/\/api.w.org\/{rel}","templated":true}]}}